{"id":4,"date":"2022-08-17T12:19:19","date_gmt":"2022-08-17T12:19:19","guid":{"rendered":"https:\/\/www.communitystories.ca\/v2\/aviation-harbour-grace\/accueil\/"},"modified":"2023-11-03T12:42:25","modified_gmt":"2023-11-03T12:42:25","slug":"accueil","status":"publish","type":"page","link":"https:\/\/www.histoiresdecheznous.ca\/v2\/aviation-harbour-grace\/","title":{"rendered":"Seul parmi les \u00e9toiles :"},"content":{"rendered":"<p>Important port de Terre-Neuve pendant des si\u00e8cles, Harbour Grace a toujours eu un lien tr\u00e8s fort avec la mer. Cependant, au d\u00e9but du vingti\u00e8me si\u00e8cle, la communaut\u00e9 tourne plut\u00f4t son attention vers le ciel. En 1919, le Handley Page <em>Atlantic<\/em>, un biplan participant \u00e0 la grande course a\u00e9rienne transatlantique, est assembl\u00e9 \u00e0 Harbour Grace, sur une terre agricole.<\/p>\n<p>Huit ans plus tard, en 1927, les habitants de cette petite ville construisent la premi\u00e8re piste d\u2019atterrissage permanente de Terre-Neuve afin de faciliter la tentative de vol autour du monde entreprise par le <em>Pride of Detroit<\/em>. Apr\u00e8s un ralentissement de l\u2019\u00e9conomie, la communaut\u00e9 voit alors l\u2019aviation comme une avenue vers une meilleure prosp\u00e9rit\u00e9 \u00e9conomique.<\/p>\n<p>Les d\u00e9fis lanc\u00e9s en aviation, en particulier les audacieux vols transatlantiques, am\u00e8nent de nombreux aviateurs de renomm\u00e9e internationale dans cette communaut\u00e9 c\u00f4ti\u00e8re qui jouit d\u2019une situation strat\u00e9gique importante \u00e0 l\u2019est du continent.<\/p>\n<p>Vingt vols transatlantiques partent de Harbour Grace sur une p\u00e9riode de neuf ans. Certains sont une r\u00e9ussite et d\u2019autres, un \u00e9chec. Mais aucun vol ne sera plus c\u00e9l\u00e8bre que la travers\u00e9e transatlantique en solitaire qu\u2019effectue Amelia Earhart, de Harbour Grace \u00e0 Londonderry, en Irlande du Nord, le 20 mai 1932.<\/p>\n<p>Cette exposition pr\u00e9sente l\u2019histoire de l\u2019aviation \u00e0 Harbour Grace et l\u2019h\u00e9ritage durable de sa piste d\u2019atterrissage en tant que jalon de l\u2019histoire de l\u2019aviation canadienne.<\/p>\n","protected":false},"excerpt":{"rendered":"<p>Important port de Terre-Neuve pendant des si\u00e8cles, Harbour Grace a toujours eu un lien tr\u00e8s fort avec la mer. Cependant, au d\u00e9but du vingti\u00e8me si\u00e8cle, la communaut\u00e9 tourne [&hellip;]<\/p>\n","protected":false},"author":78,"featured_media":428,"parent":0,"menu_order":0,"comment_status":"closed","ping_status":"closed","template":"template-home.php","meta":{"_monsterinsights_skip_tracking":false,"_monsterinsights_sitenote_active":false,"_monsterinsights_sitenote_note":"","_monsterinsights_sitenote_category":0,"footnotes":""},"class_list":["post-4","page","type-page","status-publish","has-post-thumbnail","hentry"],"yoast_head":"<!-- This site is optimized with the Yoast SEO plugin v27.3 - https:\/\/yoast.com\/product\/yoast-seo-wordpress\/ -->\n<title>Seul parmi les \u00e9toiles : l\u2019aviation \u00e0 Harbour Grace (T.-N.-L.), de 1919 \u00e0 aujourd\u2019hui<\/title>\n<meta name=\"robots\" content=\"index, follow, max-snippet:-1, max-image-preview:large, max-video-preview:-1\" \/>\n<link rel=\"canonical\" href=\"https:\/\/www.histoiresdecheznous.ca\/v2\/aviation-harbour-grace\/\" \/>\n<meta property=\"og:locale\" content=\"fr_FR\" \/>\n<meta property=\"og:type\" content=\"article\" \/>\n<meta property=\"og:title\" content=\"Seul parmi les \u00e9toiles : l\u2019aviation \u00e0 Harbour Grace (T.-N.-L.), de 1919 \u00e0 aujourd\u2019hui\" \/>\n<meta property=\"og:description\" content=\"Important port de Terre-Neuve pendant des si\u00e8cles, Harbour Grace a toujours eu un lien tr\u00e8s fort avec la mer. Cependant, au d\u00e9but du vingti\u00e8me si\u00e8cle, la communaut\u00e9 tourne [&hellip;]\" \/>\n<meta property=\"og:url\" content=\"https:\/\/www.histoiresdecheznous.ca\/v2\/aviation-harbour-grace\/\" \/>\n<meta property=\"og:site_name\" content=\"Seul parmi les \u00e9toiles : l\u2019aviation \u00e0 Harbour Grace (T.-N.-L.), de 1919 \u00e0 aujourd\u2019hui\" \/>\n<meta property=\"article:modified_time\" content=\"2023-11-03T12:42:25+00:00\" \/>\n<meta property=\"og:image\" content=\"https:\/\/www.histoiresdecheznous.ca\/v2\/aviation-harbour-grace\/wp-content\/uploads\/sites\/170\/2023\/07\/Amelia-plane-refueling.jpg\" \/>\n\t<meta property=\"og:image:width\" content=\"1024\" \/>\n\t<meta property=\"og:image:height\" content=\"511\" \/>\n\t<meta property=\"og:image:type\" content=\"image\/jpeg\" \/>\n<meta name=\"twitter:card\" content=\"summary_large_image\" \/>\n<meta name=\"twitter:label1\" content=\"Est. reading time\" \/>\n\t<meta name=\"twitter:data1\" content=\"1 minute\" \/>\n<script type=\"application\/ld+json\" class=\"yoast-schema-graph\">{\"@context\":\"https:\\\/\\\/schema.org\",\"@graph\":[{\"@type\":\"WebPage\",\"@id\":\"https:\\\/\\\/www.histoiresdecheznous.ca\\\/v2\\\/aviation-harbour-grace\\\/\",\"url\":\"https:\\\/\\\/www.histoiresdecheznous.ca\\\/v2\\\/aviation-harbour-grace\\\/\",\"name\":\"Seul parmi les \u00e9toiles : l\u2019aviation \u00e0 Harbour Grace (T.-N.-L.), de 1919 \u00e0 aujourd\u2019hui\",\"isPartOf\":{\"@id\":\"https:\\\/\\\/www.communitystories.ca\\\/v2\\\/aviation-harbour-grace\\\/#website\"},\"primaryImageOfPage\":{\"@id\":\"https:\\\/\\\/www.histoiresdecheznous.ca\\\/v2\\\/aviation-harbour-grace\\\/#primaryimage\"},\"image\":{\"@id\":\"https:\\\/\\\/www.histoiresdecheznous.ca\\\/v2\\\/aviation-harbour-grace\\\/#primaryimage\"},\"thumbnailUrl\":\"https:\\\/\\\/www.histoiresdecheznous.ca\\\/v2\\\/aviation-harbour-grace\\\/wp-content\\\/uploads\\\/sites\\\/170\\\/2023\\\/07\\\/Amelia-plane-refueling.jpg\",\"datePublished\":\"2022-08-17T12:19:19+00:00\",\"dateModified\":\"2023-11-03T12:42:25+00:00\",\"breadcrumb\":{\"@id\":\"https:\\\/\\\/www.histoiresdecheznous.ca\\\/v2\\\/aviation-harbour-grace\\\/#breadcrumb\"},\"inLanguage\":\"fr-FR\",\"potentialAction\":[{\"@type\":\"ReadAction\",\"target\":[\"https:\\\/\\\/www.histoiresdecheznous.ca\\\/v2\\\/aviation-harbour-grace\\\/\"]}]},{\"@type\":\"ImageObject\",\"inLanguage\":\"fr-FR\",\"@id\":\"https:\\\/\\\/www.histoiresdecheznous.ca\\\/v2\\\/aviation-harbour-grace\\\/#primaryimage\",\"url\":\"https:\\\/\\\/www.histoiresdecheznous.ca\\\/v2\\\/aviation-harbour-grace\\\/wp-content\\\/uploads\\\/sites\\\/170\\\/2023\\\/07\\\/Amelia-plane-refueling.jpg\",\"contentUrl\":\"https:\\\/\\\/www.histoiresdecheznous.ca\\\/v2\\\/aviation-harbour-grace\\\/wp-content\\\/uploads\\\/sites\\\/170\\\/2023\\\/07\\\/Amelia-plane-refueling.jpg\",\"width\":1024,\"height\":511,\"caption\":\"A black and white photo of three individuals on top of the wings of a plane, refueling. A large crowd stood around the aircraft, backs to camera.\"},{\"@type\":\"BreadcrumbList\",\"@id\":\"https:\\\/\\\/www.histoiresdecheznous.ca\\\/v2\\\/aviation-harbour-grace\\\/#breadcrumb\",\"itemListElement\":[{\"@type\":\"ListItem\",\"position\":1,\"name\":\"Home\",\"item\":\"https:\\\/\\\/www.histoiresdecheznous.ca\\\/v2\\\/aviation-harbour-grace\\\/\"},{\"@type\":\"ListItem\",\"position\":2,\"name\":\"Seul parmi les \u00e9toiles :\"}]},{\"@type\":\"WebSite\",\"@id\":\"https:\\\/\\\/www.communitystories.ca\\\/v2\\\/aviation-harbour-grace\\\/#website\",\"url\":\"https:\\\/\\\/www.communitystories.ca\\\/v2\\\/aviation-harbour-grace\\\/\",\"name\":\"Seul parmi les \u00e9toiles : l\u2019aviation \u00e0 Harbour Grace (T.-N.-L.), de 1919 \u00e0 aujourd\u2019hui\",\"description\":\"Just another CMCC-VMC Sites site\",\"potentialAction\":[{\"@type\":\"SearchAction\",\"target\":{\"@type\":\"EntryPoint\",\"urlTemplate\":\"https:\\\/\\\/www.communitystories.ca\\\/v2\\\/aviation-harbour-grace\\\/?s={search_term_string}\"},\"query-input\":{\"@type\":\"PropertyValueSpecification\",\"valueRequired\":true,\"valueName\":\"search_term_string\"}}],\"inLanguage\":\"fr-FR\"}]}<\/script>\n<!-- \/ Yoast SEO plugin. -->","yoast_head_json":{"title":"Seul parmi les \u00e9toiles : l\u2019aviation \u00e0 Harbour Grace (T.-N.-L.), de 1919 \u00e0 aujourd\u2019hui","robots":{"index":"index","follow":"follow","max-snippet":"max-snippet:-1","max-image-preview":"max-image-preview:large","max-video-preview":"max-video-preview:-1"},"canonical":"https:\/\/www.histoiresdecheznous.ca\/v2\/aviation-harbour-grace\/","og_locale":"fr_FR","og_type":"article","og_title":"Seul parmi les \u00e9toiles : l\u2019aviation \u00e0 Harbour Grace (T.-N.-L.), de 1919 \u00e0 aujourd\u2019hui","og_description":"Important port de Terre-Neuve pendant des si\u00e8cles, Harbour Grace a toujours eu un lien tr\u00e8s fort avec la mer. Cependant, au d\u00e9but du vingti\u00e8me si\u00e8cle, la communaut\u00e9 tourne [&hellip;]","og_url":"https:\/\/www.histoiresdecheznous.ca\/v2\/aviation-harbour-grace\/","og_site_name":"Seul parmi les \u00e9toiles : l\u2019aviation \u00e0 Harbour Grace (T.-N.-L.), de 1919 \u00e0 aujourd\u2019hui","article_modified_time":"2023-11-03T12:42:25+00:00","og_image":[{"width":1024,"height":511,"url":"https:\/\/www.histoiresdecheznous.ca\/v2\/aviation-harbour-grace\/wp-content\/uploads\/sites\/170\/2023\/07\/Amelia-plane-refueling.jpg","type":"image\/jpeg"}],"twitter_card":"summary_large_image","twitter_misc":{"Est. reading time":"1 minute"},"schema":{"@context":"https:\/\/schema.org","@graph":[{"@type":"WebPage","@id":"https:\/\/www.histoiresdecheznous.ca\/v2\/aviation-harbour-grace\/","url":"https:\/\/www.histoiresdecheznous.ca\/v2\/aviation-harbour-grace\/","name":"Seul parmi les \u00e9toiles : l\u2019aviation \u00e0 Harbour Grace (T.-N.-L.), de 1919 \u00e0 aujourd\u2019hui","isPartOf":{"@id":"https:\/\/www.communitystories.ca\/v2\/aviation-harbour-grace\/#website"},"primaryImageOfPage":{"@id":"https:\/\/www.histoiresdecheznous.ca\/v2\/aviation-harbour-grace\/#primaryimage"},"image":{"@id":"https:\/\/www.histoiresdecheznous.ca\/v2\/aviation-harbour-grace\/#primaryimage"},"thumbnailUrl":"https:\/\/www.histoiresdecheznous.ca\/v2\/aviation-harbour-grace\/wp-content\/uploads\/sites\/170\/2023\/07\/Amelia-plane-refueling.jpg","datePublished":"2022-08-17T12:19:19+00:00","dateModified":"2023-11-03T12:42:25+00:00","breadcrumb":{"@id":"https:\/\/www.histoiresdecheznous.ca\/v2\/aviation-harbour-grace\/#breadcrumb"},"inLanguage":"fr-FR","potentialAction":[{"@type":"ReadAction","target":["https:\/\/www.histoiresdecheznous.ca\/v2\/aviation-harbour-grace\/"]}]},{"@type":"ImageObject","inLanguage":"fr-FR","@id":"https:\/\/www.histoiresdecheznous.ca\/v2\/aviation-harbour-grace\/#primaryimage","url":"https:\/\/www.histoiresdecheznous.ca\/v2\/aviation-harbour-grace\/wp-content\/uploads\/sites\/170\/2023\/07\/Amelia-plane-refueling.jpg","contentUrl":"https:\/\/www.histoiresdecheznous.ca\/v2\/aviation-harbour-grace\/wp-content\/uploads\/sites\/170\/2023\/07\/Amelia-plane-refueling.jpg","width":1024,"height":511,"caption":"A black and white photo of three individuals on top of the wings of a plane, refueling. A large crowd stood around the aircraft, backs to camera."},{"@type":"BreadcrumbList","@id":"https:\/\/www.histoiresdecheznous.ca\/v2\/aviation-harbour-grace\/#breadcrumb","itemListElement":[{"@type":"ListItem","position":1,"name":"Home","item":"https:\/\/www.histoiresdecheznous.ca\/v2\/aviation-harbour-grace\/"},{"@type":"ListItem","position":2,"name":"Seul parmi les \u00e9toiles :"}]},{"@type":"WebSite","@id":"https:\/\/www.communitystories.ca\/v2\/aviation-harbour-grace\/#website","url":"https:\/\/www.communitystories.ca\/v2\/aviation-harbour-grace\/","name":"Seul parmi les \u00e9toiles : l\u2019aviation \u00e0 Harbour Grace (T.-N.-L.), de 1919 \u00e0 aujourd\u2019hui","description":"Just another CMCC-VMC Sites site","potentialAction":[{"@type":"SearchAction","target":{"@type":"EntryPoint","urlTemplate":"https:\/\/www.communitystories.ca\/v2\/aviation-harbour-grace\/?s={search_term_string}"},"query-input":{"@type":"PropertyValueSpecification","valueRequired":true,"valueName":"search_term_string"}}],"inLanguage":"fr-FR"}]}},"_links":{"self":[{"href":"https:\/\/www.histoiresdecheznous.ca\/v2\/aviation-harbour-grace\/wp-json\/wp\/v2\/pages\/4","targetHints":{"allow":["GET"]}}],"collection":[{"href":"https:\/\/www.histoiresdecheznous.ca\/v2\/aviation-harbour-grace\/wp-json\/wp\/v2\/pages"}],"about":[{"href":"https:\/\/www.histoiresdecheznous.ca\/v2\/aviation-harbour-grace\/wp-json\/wp\/v2\/types\/page"}],"author":[{"embeddable":true,"href":"https:\/\/www.histoiresdecheznous.ca\/v2\/aviation-harbour-grace\/wp-json\/wp\/v2\/users\/78"}],"replies":[{"embeddable":true,"href":"https:\/\/www.histoiresdecheznous.ca\/v2\/aviation-harbour-grace\/wp-json\/wp\/v2\/comments?post=4"}],"version-history":[{"count":6,"href":"https:\/\/www.histoiresdecheznous.ca\/v2\/aviation-harbour-grace\/wp-json\/wp\/v2\/pages\/4\/revisions"}],"predecessor-version":[{"id":597,"href":"https:\/\/www.histoiresdecheznous.ca\/v2\/aviation-harbour-grace\/wp-json\/wp\/v2\/pages\/4\/revisions\/597"}],"wp:featuredmedia":[{"embeddable":true,"href":"https:\/\/www.histoiresdecheznous.ca\/v2\/aviation-harbour-grace\/wp-json\/wp\/v2\/media\/428"}],"wp:attachment":[{"href":"https:\/\/www.histoiresdecheznous.ca\/v2\/aviation-harbour-grace\/wp-json\/wp\/v2\/media?parent=4"}],"curies":[{"name":"wp","href":"https:\/\/api.w.org\/{rel}","templated":true}]}}