{"id":4,"date":"2018-07-09T13:59:00","date_gmt":"2018-07-09T13:59:00","guid":{"rendered":"https:\/\/www.communitystories.ca\/v2\/carrefour-mondial-de-l-accordeon-30-ans_30-years\/accueil\/"},"modified":"2019-12-03T15:09:58","modified_gmt":"2019-12-03T15:09:58","slug":"le-carrefour-mondial-de-laccordeon-30-ans-de-passion","status":"publish","type":"page","link":"https:\/\/www.histoiresdecheznous.ca\/v2\/carrefour-mondial-de-l-accordeon-30-ans_30-years\/","title":{"rendered":"Le Carrefour mondial de l&rsquo;accord\u00e9on, 30 ans de passion!"},"content":{"rendered":"<p>L\u2019exposition <em>Le Carrefour mondial de l&rsquo;accord\u00e9on, 30 ans de passion!<\/em> vous pr\u00e9sente l\u2019histoire d&rsquo;un festival d\u2019envergure mondiale qui \u00e9merveille le public depuis plus de trente ans. La popularit\u00e9 de l\u2019\u00e9v\u00e9nement d\u00e9montre l\u2019int\u00e9r\u00eat envers la culture entourant l\u2019accord\u00e9on et sa transmission dans la r\u00e9gion de Montmagny (Qu\u00e9bec).<\/p>\n<p>Depuis ses d\u00e9buts, le Carrefour mondial de l\u2019accord\u00e9on s\u2019est impos\u00e9 comme un lieu d\u2019\u00e9change entre les musiciens d\u2019ici et d\u2019ailleurs issus de diff\u00e9rents horizons artistiques. Aujourd&rsquo;hui, le festival a des r\u00e9percussions sur les sc\u00e8nes internationale, provinciale et locale. L&rsquo;\u00e9v\u00e9nement conjugue la musique, le plaisir et la tradition, afin d\u2019en faire un festival convivial o\u00f9 les artistes et le public partagent un moment unique.<\/p>\n<p>\u00c0 travers des extraits de concerts, des photographies et des t\u00e9moignages in\u00e9dits d\u00e9couvrez le Carrefour mondial de l\u2019accord\u00e9on de ses origines \u00e0 aujourd\u2019hui et les retomb\u00e9es de l\u2019\u00e9v\u00e9nement sur la culture et le tourisme de la r\u00e9gion. Entrez et laissez-vous surprendre par la \u00ab bo\u00eete \u00e0 frissons \u00bb et ses musiciens!<\/p>\n","protected":false},"excerpt":{"rendered":"<p>L\u2019exposition Le Carrefour mondial de l&rsquo;accord\u00e9on, 30 ans de passion! vous pr\u00e9sente l\u2019histoire d&rsquo;un festival d\u2019envergure mondiale qui \u00e9merveille le public depuis plus de trente ans. La popularit\u00e9 [&hellip;]<\/p>\n","protected":false},"author":78,"featured_media":83,"parent":0,"menu_order":0,"comment_status":"closed","ping_status":"closed","template":"template-home.php","meta":{"_monsterinsights_skip_tracking":false,"_monsterinsights_sitenote_active":false,"_monsterinsights_sitenote_note":"","_monsterinsights_sitenote_category":0,"footnotes":""},"class_list":["post-4","page","type-page","status-publish","has-post-thumbnail","hentry"],"_links":{"self":[{"href":"https:\/\/www.histoiresdecheznous.ca\/v2\/carrefour-mondial-de-l-accordeon-30-ans_30-years\/wp-json\/wp\/v2\/pages\/4","targetHints":{"allow":["GET"]}}],"collection":[{"href":"https:\/\/www.histoiresdecheznous.ca\/v2\/carrefour-mondial-de-l-accordeon-30-ans_30-years\/wp-json\/wp\/v2\/pages"}],"about":[{"href":"https:\/\/www.histoiresdecheznous.ca\/v2\/carrefour-mondial-de-l-accordeon-30-ans_30-years\/wp-json\/wp\/v2\/types\/page"}],"author":[{"embeddable":true,"href":"https:\/\/www.histoiresdecheznous.ca\/v2\/carrefour-mondial-de-l-accordeon-30-ans_30-years\/wp-json\/wp\/v2\/users\/78"}],"replies":[{"embeddable":true,"href":"https:\/\/www.histoiresdecheznous.ca\/v2\/carrefour-mondial-de-l-accordeon-30-ans_30-years\/wp-json\/wp\/v2\/comments?post=4"}],"version-history":[{"count":5,"href":"https:\/\/www.histoiresdecheznous.ca\/v2\/carrefour-mondial-de-l-accordeon-30-ans_30-years\/wp-json\/wp\/v2\/pages\/4\/revisions"}],"predecessor-version":[{"id":84,"href":"https:\/\/www.histoiresdecheznous.ca\/v2\/carrefour-mondial-de-l-accordeon-30-ans_30-years\/wp-json\/wp\/v2\/pages\/4\/revisions\/84"}],"wp:featuredmedia":[{"embeddable":true,"href":"https:\/\/www.histoiresdecheznous.ca\/v2\/carrefour-mondial-de-l-accordeon-30-ans_30-years\/wp-json\/wp\/v2\/media\/83"}],"wp:attachment":[{"href":"https:\/\/www.histoiresdecheznous.ca\/v2\/carrefour-mondial-de-l-accordeon-30-ans_30-years\/wp-json\/wp\/v2\/media?parent=4"}],"curies":[{"name":"wp","href":"https:\/\/api.w.org\/{rel}","templated":true}]}}