{"id":4,"date":"2017-07-05T21:28:42","date_gmt":"2017-07-05T21:28:42","guid":{"rendered":"https:\/\/www.communitystories.ca\/v2\/l-industrie-de-la-chaussure-contrecoeur_shoe-story\/accueil\/"},"modified":"2021-12-17T14:32:13","modified_gmt":"2021-12-17T14:32:13","slug":"accueil","status":"publish","type":"page","link":"https:\/\/www.histoiresdecheznous.ca\/v2\/l-industrie-de-la-chaussure-contrecoeur_shoe-story\/","title":{"rendered":"La chaussure \u00e0 Contrecoeur : une histoire de famille!"},"content":{"rendered":"<p>Laissez-nous vous raconter une petite histoire dans une grande histoire\u2009! \u00c0 partir de la fin du 19<sup>e<\/sup> si\u00e8cle, les manufactures de chaussures ont jou\u00e9 un r\u00f4le important, m\u00eame essentiel dans le d\u00e9veloppement du village de Contrec\u0153ur. De 1883 \u00e0 2004, c\u2019est g\u00e9n\u00e9ralement de p\u00e8res en fils et de m\u00e8res en filles que l\u2019on travaille dans ces manufactures, l\u00e9gu\u00e9es de g\u00e9n\u00e9ration en g\u00e9n\u00e9ration. On peut ais\u00e9ment dire que l\u2019industrie de la chaussure \u00e0 Contrec\u0153ur, c\u2019est une histoire de famille\u2009!<\/p>\n<p>De cette histoire, qui aura dur\u00e9 plus d\u2019un si\u00e8cle, il reste peu de traces \u00e9crites. Heureusement, certaines personnes qui en ont \u00e9t\u00e9 t\u00e9moins ont g\u00e9n\u00e9reusement accept\u00e9 de partager leurs souvenirs en nous racontant leur exp\u00e9rience. \u00c0 eux, un grand merci\u2009! \u00c0 vous, bonne visite\u2009!<\/p>\n","protected":false},"excerpt":{"rendered":"<p>Laissez-nous vous raconter une petite histoire dans une grande histoire\u2009! \u00c0 partir de la fin du 19e si\u00e8cle, les manufactures de chaussures ont jou\u00e9 un r\u00f4le important, m\u00eame [&hellip;]<\/p>\n","protected":false},"author":6,"featured_media":121,"parent":0,"menu_order":0,"comment_status":"closed","ping_status":"closed","template":"template-home.php","meta":{"_monsterinsights_skip_tracking":false,"_monsterinsights_sitenote_active":false,"_monsterinsights_sitenote_note":"","_monsterinsights_sitenote_category":0,"footnotes":""},"class_list":["post-4","page","type-page","status-publish","has-post-thumbnail","hentry"],"_links":{"self":[{"href":"https:\/\/www.histoiresdecheznous.ca\/v2\/l-industrie-de-la-chaussure-contrecoeur_shoe-story\/wp-json\/wp\/v2\/pages\/4","targetHints":{"allow":["GET"]}}],"collection":[{"href":"https:\/\/www.histoiresdecheznous.ca\/v2\/l-industrie-de-la-chaussure-contrecoeur_shoe-story\/wp-json\/wp\/v2\/pages"}],"about":[{"href":"https:\/\/www.histoiresdecheznous.ca\/v2\/l-industrie-de-la-chaussure-contrecoeur_shoe-story\/wp-json\/wp\/v2\/types\/page"}],"author":[{"embeddable":true,"href":"https:\/\/www.histoiresdecheznous.ca\/v2\/l-industrie-de-la-chaussure-contrecoeur_shoe-story\/wp-json\/wp\/v2\/users\/6"}],"replies":[{"embeddable":true,"href":"https:\/\/www.histoiresdecheznous.ca\/v2\/l-industrie-de-la-chaussure-contrecoeur_shoe-story\/wp-json\/wp\/v2\/comments?post=4"}],"version-history":[{"count":5,"href":"https:\/\/www.histoiresdecheznous.ca\/v2\/l-industrie-de-la-chaussure-contrecoeur_shoe-story\/wp-json\/wp\/v2\/pages\/4\/revisions"}],"predecessor-version":[{"id":325,"href":"https:\/\/www.histoiresdecheznous.ca\/v2\/l-industrie-de-la-chaussure-contrecoeur_shoe-story\/wp-json\/wp\/v2\/pages\/4\/revisions\/325"}],"wp:featuredmedia":[{"embeddable":true,"href":"https:\/\/www.histoiresdecheznous.ca\/v2\/l-industrie-de-la-chaussure-contrecoeur_shoe-story\/wp-json\/wp\/v2\/media\/121"}],"wp:attachment":[{"href":"https:\/\/www.histoiresdecheznous.ca\/v2\/l-industrie-de-la-chaussure-contrecoeur_shoe-story\/wp-json\/wp\/v2\/media?parent=4"}],"curies":[{"name":"wp","href":"https:\/\/api.w.org\/{rel}","templated":true}]}}