{"id":6,"date":"2016-07-19T14:22:02","date_gmt":"2016-07-19T14:22:02","guid":{"rendered":"https:\/\/www.communitystories.ca\/v2\/lumbys-pioneers_pionniers-de-lumby\/accueil\/"},"modified":"2018-11-01T15:20:53","modified_gmt":"2018-11-01T15:20:53","slug":"accueil-2","status":"publish","type":"page","link":"https:\/\/www.histoiresdecheznous.ca\/v2\/lumbys-pioneers_pionniers-de-lumby\/","title":{"rendered":"La r\u00e9alisation d&rsquo;un village &#8211; Un aper\u00e7u des Pionniers de Lumby"},"content":{"rendered":"<p>Tentez d\u2019imaginer une vie de pionnier dans un petit village campagnard au tournant du 20i\u00e8me si\u00e8cle.\u00a0 A quoi ressemblerait votre maison? Quel serait votre travail? Quels seraient vos loisirs?<\/p>\n<p>Cette exposition a pour but de remonter dans le temps et d\u2019examiner les vies de trois familles pionni\u00e8res et de reconna\u00eetre le r\u00f4le influent qu\u2019elles ont eu sur le d\u00e9veloppement de Lumby, un village de la vall\u00e9e de l\u2019Okanagan en Colombie-Britannique.<\/p>\n","protected":false},"excerpt":{"rendered":"<p>Tentez d\u2019imaginer une vie de pionnier dans un petit village campagnard au tournant du 20i\u00e8me si\u00e8cle.\u00a0 A quoi ressemblerait votre maison? Quel serait votre travail? Quels seraient vos [&hellip;]<\/p>\n","protected":false},"author":6,"featured_media":12,"parent":0,"menu_order":0,"comment_status":"closed","ping_status":"closed","template":"template-home.php","meta":{"_mi_skip_tracking":false,"_monsterinsights_sitenote_active":false,"_monsterinsights_sitenote_note":"","_monsterinsights_sitenote_category":0,"footnotes":""},"_links":{"self":[{"href":"https:\/\/www.histoiresdecheznous.ca\/v2\/lumbys-pioneers_pionniers-de-lumby\/wp-json\/wp\/v2\/pages\/6"}],"collection":[{"href":"https:\/\/www.histoiresdecheznous.ca\/v2\/lumbys-pioneers_pionniers-de-lumby\/wp-json\/wp\/v2\/pages"}],"about":[{"href":"https:\/\/www.histoiresdecheznous.ca\/v2\/lumbys-pioneers_pionniers-de-lumby\/wp-json\/wp\/v2\/types\/page"}],"author":[{"embeddable":true,"href":"https:\/\/www.histoiresdecheznous.ca\/v2\/lumbys-pioneers_pionniers-de-lumby\/wp-json\/wp\/v2\/users\/6"}],"replies":[{"embeddable":true,"href":"https:\/\/www.histoiresdecheznous.ca\/v2\/lumbys-pioneers_pionniers-de-lumby\/wp-json\/wp\/v2\/comments?post=6"}],"version-history":[{"count":5,"href":"https:\/\/www.histoiresdecheznous.ca\/v2\/lumbys-pioneers_pionniers-de-lumby\/wp-json\/wp\/v2\/pages\/6\/revisions"}],"predecessor-version":[{"id":866,"href":"https:\/\/www.histoiresdecheznous.ca\/v2\/lumbys-pioneers_pionniers-de-lumby\/wp-json\/wp\/v2\/pages\/6\/revisions\/866"}],"wp:featuredmedia":[{"embeddable":true,"href":"https:\/\/www.histoiresdecheznous.ca\/v2\/lumbys-pioneers_pionniers-de-lumby\/wp-json\/wp\/v2\/media\/12"}],"wp:attachment":[{"href":"https:\/\/www.histoiresdecheznous.ca\/v2\/lumbys-pioneers_pionniers-de-lumby\/wp-json\/wp\/v2\/media?parent=6"}],"curies":[{"name":"wp","href":"https:\/\/api.w.org\/{rel}","templated":true}]}}