{"id":4,"date":"2020-06-30T12:38:04","date_gmt":"2020-06-30T12:38:04","guid":{"rendered":"https:\/\/www.communitystories.ca\/v2\/music-in-ladysmith_vie-musicale-ladysmith\/accueil\/"},"modified":"2025-06-12T11:28:37","modified_gmt":"2025-06-12T11:28:37","slug":"accueil","status":"publish","type":"page","link":"https:\/\/www.histoiresdecheznous.ca\/v2\/music-in-ladysmith_vie-musicale-ladysmith\/","title":{"rendered":"La cadence continue : L\u2019histoire et la musique de Ladysmith"},"content":{"rendered":"<p><em>Voici l\u2019histoire de la communaut\u00e9 de Ladysmith et ses environs, sur l&rsquo;\u00eele de Vancouver, au Canada, racont\u00e9e \u00e0 travers la musique.<\/em><\/p>\n<p>Nous sommes dans le sud-est de l&rsquo;\u00eele de Vancouver, sur le territoire ancestral de la nation Stz\u2019uminus, un peuple Coast Salish parlant le Hul\u2019qumi\u2019num, \u00e9tabli ici depuis des milliers d\u2019ann\u00e9es et vivant des ressources de la mer.<\/p>\n<p>\u00c9coutez les chants traditionnels de la nation Stz\u2019uminus, portant des r\u00e9cits ancestraux transmis avant l\u2019arriv\u00e9e des commer\u00e7ants de fourrures, des colons et des immigrants. Revivez les d\u00e9buts et la croissance impressionnante de Ladysmith, centre d&rsquo;extraction du charbon et de fusion du cuivre au d\u00e9but des ann\u00e9es 1900, o\u00f9 des gens de nombreux pays et cultures se sont install\u00e9s. Plongez dans nos luttes ouvri\u00e8res, les d\u00e9fis des Premi\u00e8res Nations, ainsi que les hauts et les bas de notre \u00e9conomie centr\u00e9e sur les ressources naturelles. D\u00e9couvrez comment notre musique refl\u00e8te l\u2019histoire de notre peuple : notre travail, nos loisirs, nos \u00e9preuves et nos combats. \u00c9coutez comment, aujourd\u2019hui, \u00ab La cadence continue \u00bb au c\u0153ur de notre communaut\u00e9 diversifi\u00e9e.<\/p>\n<p>Nous vous invitons \u00e0 visiter virtuellement les pages de notre histoire. Amenez toute la famille \u2013 il y a une histoire pour chacun!<\/p>\n<p><em>Bonne d\u00e9couverte!<\/em><\/p>\n","protected":false},"excerpt":{"rendered":"<p>Voici l\u2019histoire de la communaut\u00e9 de Ladysmith et ses environs, sur l&rsquo;\u00eele de Vancouver, au Canada, racont\u00e9e \u00e0 travers la musique. Nous sommes dans le sud-est de l&rsquo;\u00eele [&hellip;]<\/p>\n","protected":false},"author":78,"featured_media":188,"parent":0,"menu_order":0,"comment_status":"closed","ping_status":"closed","template":"template-home.php","meta":{"_monsterinsights_skip_tracking":false,"_monsterinsights_sitenote_active":false,"_monsterinsights_sitenote_note":"","_monsterinsights_sitenote_category":0,"footnotes":""},"class_list":["post-4","page","type-page","status-publish","has-post-thumbnail","hentry"],"_links":{"self":[{"href":"https:\/\/www.histoiresdecheznous.ca\/v2\/music-in-ladysmith_vie-musicale-ladysmith\/wp-json\/wp\/v2\/pages\/4","targetHints":{"allow":["GET"]}}],"collection":[{"href":"https:\/\/www.histoiresdecheznous.ca\/v2\/music-in-ladysmith_vie-musicale-ladysmith\/wp-json\/wp\/v2\/pages"}],"about":[{"href":"https:\/\/www.histoiresdecheznous.ca\/v2\/music-in-ladysmith_vie-musicale-ladysmith\/wp-json\/wp\/v2\/types\/page"}],"author":[{"embeddable":true,"href":"https:\/\/www.histoiresdecheznous.ca\/v2\/music-in-ladysmith_vie-musicale-ladysmith\/wp-json\/wp\/v2\/users\/78"}],"replies":[{"embeddable":true,"href":"https:\/\/www.histoiresdecheznous.ca\/v2\/music-in-ladysmith_vie-musicale-ladysmith\/wp-json\/wp\/v2\/comments?post=4"}],"version-history":[{"count":6,"href":"https:\/\/www.histoiresdecheznous.ca\/v2\/music-in-ladysmith_vie-musicale-ladysmith\/wp-json\/wp\/v2\/pages\/4\/revisions"}],"predecessor-version":[{"id":1186,"href":"https:\/\/www.histoiresdecheznous.ca\/v2\/music-in-ladysmith_vie-musicale-ladysmith\/wp-json\/wp\/v2\/pages\/4\/revisions\/1186"}],"wp:featuredmedia":[{"embeddable":true,"href":"https:\/\/www.histoiresdecheznous.ca\/v2\/music-in-ladysmith_vie-musicale-ladysmith\/wp-json\/wp\/v2\/media\/188"}],"wp:attachment":[{"href":"https:\/\/www.histoiresdecheznous.ca\/v2\/music-in-ladysmith_vie-musicale-ladysmith\/wp-json\/wp\/v2\/media?parent=4"}],"curies":[{"name":"wp","href":"https:\/\/api.w.org\/{rel}","templated":true}]}}