{"id":8,"date":"2019-07-09T12:35:41","date_gmt":"2019-07-09T12:35:41","guid":{"rendered":"https:\/\/www.communitystories.ca\/v2\/passe-obscur-riviere-bleue_hidden-past\/?page_id=8"},"modified":"2020-11-10T12:49:44","modified_gmt":"2020-11-10T12:49:44","slug":"le-passe-obscur-de-riviere-bleue","status":"publish","type":"page","link":"https:\/\/www.histoiresdecheznous.ca\/v2\/passe-obscur-riviere-bleue_hidden-past\/","title":{"rendered":"Le pass\u00e9 obscur de Rivi\u00e8re-Bleue"},"content":{"rendered":"<p>Au d\u00e9but du XXe si\u00e8cle, le village de Rivi\u00e8re-Bleue est en pleine expansion. Situ\u00e9 dans le sud du T\u00e9miscouata, l&rsquo;\u00e9conomie de Rivi\u00e8re-Bleue repose \u00e0 cette \u00e9poque sur le commerce du bois de sciage. En effet, les ann\u00e9es suivant la Premi\u00e8re Guerre mondiale sont marqu\u00e9es par un v\u00e9ritable \u00ab\u00a0boom forestier\u00a0\u00bb si bien qu&rsquo;en 1921, la population de Rivi\u00e8re-Bleue atteint plus de 1 800 habitants.<\/p>\n<p>Au m\u00eame moment, les \u00c9tats-Unis adoptent la loi Volstead marquant le d\u00e9but du r\u00e9gime sec de l&rsquo;Am\u00e9rique. Celle-ci interdit, entres autres la fabrication, la vente et la consommation d&rsquo;alcool. Au Canada, presque toutes les provinces adoptent des lois en faveur de la Prohibition entre les ann\u00e9es 1915 et 1918. Le Canada devient donc en majorit\u00e9 sec, \u00e0 l&rsquo;exception du Qu\u00e9bec.<\/p>\n<p>Avec la proximit\u00e9 des fronti\u00e8res du Nouveau-Brunswick et du Maine et la pr\u00e9sence du chemin de fer, Rivi\u00e8re-Bleue devient l&rsquo;endroit de pr\u00e9dilection pour la contrebande d&rsquo;alcool. Et cela, Alfred L\u00e9vesque, qui deviendra l&rsquo;un des plus c\u00e9l\u00e8bres contrebandiers de son \u00e9poque, l&rsquo;a bien compris marquant \u00e0 jamais l&rsquo;histoire de Rivi\u00e8re-Bleue et l&rsquo;imaginaire collectif !<\/p>\n","protected":false},"excerpt":{"rendered":"<p>Au d\u00e9but du XXe si\u00e8cle, le village de Rivi\u00e8re-Bleue est en pleine expansion. Situ\u00e9 dans le sud du T\u00e9miscouata, l&rsquo;\u00e9conomie de Rivi\u00e8re-Bleue repose \u00e0 cette \u00e9poque sur le [&hellip;]<\/p>\n","protected":false},"author":78,"featured_media":15,"parent":0,"menu_order":0,"comment_status":"closed","ping_status":"closed","template":"template-home.php","meta":{"_monsterinsights_skip_tracking":false,"_monsterinsights_sitenote_active":false,"_monsterinsights_sitenote_note":"","_monsterinsights_sitenote_category":0,"footnotes":""},"class_list":["post-8","page","type-page","status-publish","has-post-thumbnail","hentry"],"_links":{"self":[{"href":"https:\/\/www.histoiresdecheznous.ca\/v2\/passe-obscur-riviere-bleue_hidden-past\/wp-json\/wp\/v2\/pages\/8","targetHints":{"allow":["GET"]}}],"collection":[{"href":"https:\/\/www.histoiresdecheznous.ca\/v2\/passe-obscur-riviere-bleue_hidden-past\/wp-json\/wp\/v2\/pages"}],"about":[{"href":"https:\/\/www.histoiresdecheznous.ca\/v2\/passe-obscur-riviere-bleue_hidden-past\/wp-json\/wp\/v2\/types\/page"}],"author":[{"embeddable":true,"href":"https:\/\/www.histoiresdecheznous.ca\/v2\/passe-obscur-riviere-bleue_hidden-past\/wp-json\/wp\/v2\/users\/78"}],"replies":[{"embeddable":true,"href":"https:\/\/www.histoiresdecheznous.ca\/v2\/passe-obscur-riviere-bleue_hidden-past\/wp-json\/wp\/v2\/comments?post=8"}],"version-history":[{"count":3,"href":"https:\/\/www.histoiresdecheznous.ca\/v2\/passe-obscur-riviere-bleue_hidden-past\/wp-json\/wp\/v2\/pages\/8\/revisions"}],"predecessor-version":[{"id":50,"href":"https:\/\/www.histoiresdecheznous.ca\/v2\/passe-obscur-riviere-bleue_hidden-past\/wp-json\/wp\/v2\/pages\/8\/revisions\/50"}],"wp:featuredmedia":[{"embeddable":true,"href":"https:\/\/www.histoiresdecheznous.ca\/v2\/passe-obscur-riviere-bleue_hidden-past\/wp-json\/wp\/v2\/media\/15"}],"wp:attachment":[{"href":"https:\/\/www.histoiresdecheznous.ca\/v2\/passe-obscur-riviere-bleue_hidden-past\/wp-json\/wp\/v2\/media?parent=8"}],"curies":[{"name":"wp","href":"https:\/\/api.w.org\/{rel}","templated":true}]}}