{"id":4,"date":"2020-06-08T14:39:57","date_gmt":"2020-06-08T14:39:57","guid":{"rendered":"https:\/\/www.communitystories.ca\/v2\/tragic-sinking-ss-caribou_naufrage-tragique\/accueil\/"},"modified":"2023-03-14T13:06:58","modified_gmt":"2023-03-14T13:06:58","slug":"accueil","status":"publish","type":"page","link":"https:\/\/www.histoiresdecheznous.ca\/v2\/tragic-sinking-ss-caribou_naufrage-tragique\/","title":{"rendered":"Le naufrage tragique du S.S. \u00ab\u00a0Caribou\u00a0\u00bb"},"content":{"rendered":"<p>\u00ab Je crois que nous allons nous faire tirer dessus cette nuit\u00a0\u00bb, avait confi\u00e9 le capitaine du S.S. <em>Caribou <\/em>Benjamin Taverner au steward William Pearcey. Le 14\u00a0octobre 1942, \u00e0 3\u00a0h\u00a050, le traversier, avec Taverner aux commandes, devenait la derni\u00e8re victime des sous-marins allemands (U-boot) de la bataille du Saint-Laurent. Ce naufrage a caus\u00e9 136 victimes, soit le plus grand nombre de pertes de vies humaines dans les eaux canadiennes et terre-neuviennes pendant la Seconde Guerre mondiale.<\/p>\n<p>Ses 238 passagers traversaient le d\u00e9troit de Cabot pour diff\u00e9rentes raisons. Pour les 74 civils \u00e0 bord, le traversier \u00e9tait leur seul lien entre Sydney, en Nouvelle-\u00c9cosse, et le Dominion de Terre-Neuve. Pour les 46 membres d\u2019\u00e9quipage, il s\u2019agissait d\u2019une travers\u00e9e comme les autres. Ils \u00e9taient contents que la division maritime de la Newfoundland Railway assure un service ininterrompu malgr\u00e9 la guerre. De plus, le traversier transportait 118 militaires, dont plusieurs \u00e9taient en route vers des bases canadiennes et am\u00e9ricaines. Le naufrage du S.S. <em>Caribou,<\/em> caus\u00e9 par l\u2019attaque du sous-marin allemand\u00a0U-69<em>,<\/em> a provoqu\u00e9 un toll\u00e9. Les gens se sont demand\u00e9 si le traversier \u00e9tait une cible l\u00e9gitime. La mort de femmes et d\u2019enfants a suscit\u00e9 l\u2019indignation. Les marins survivants ont remis en question la qualit\u00e9 de la protection fournie par le navire d\u2019escorte de la Marine royale canadienne, le NCSM <em>Grandm\u00e8re<\/em>. Les militaires qui ont surv\u00e9cu ont aussi mis en doute la capacit\u00e9 du S.S. <em>Caribou <\/em>d\u2019intervenir en cas d\u2019urgence.<\/p>\n<p>La trag\u00e9die a touch\u00e9 des gens, partout en Am\u00e9rique du Nord, mais ce sont les communaut\u00e9s de Port-aux-Basques et Channel qui ont perdu le plus grand nombre de citoyens.<\/p>\n<p>Cette exposition raconte l\u2019attaque, ses cons\u00e9quences et comment la m\u00e9moire des 137 victimes et des 101 survivants est comm\u00e9mor\u00e9e.<\/p>\n","protected":false},"excerpt":{"rendered":"<p>\u00ab Je crois que nous allons nous faire tirer dessus cette nuit\u00a0\u00bb, avait confi\u00e9 le capitaine du S.S. Caribou Benjamin Taverner au steward William Pearcey. Le 14\u00a0octobre 1942, [&hellip;]<\/p>\n","protected":false},"author":78,"featured_media":86,"parent":0,"menu_order":0,"comment_status":"closed","ping_status":"closed","template":"template-home.php","meta":{"_monsterinsights_skip_tracking":false,"_monsterinsights_sitenote_active":false,"_monsterinsights_sitenote_note":"","_monsterinsights_sitenote_category":0,"footnotes":""},"class_list":["post-4","page","type-page","status-publish","has-post-thumbnail","hentry"],"_links":{"self":[{"href":"https:\/\/www.histoiresdecheznous.ca\/v2\/tragic-sinking-ss-caribou_naufrage-tragique\/wp-json\/wp\/v2\/pages\/4","targetHints":{"allow":["GET"]}}],"collection":[{"href":"https:\/\/www.histoiresdecheznous.ca\/v2\/tragic-sinking-ss-caribou_naufrage-tragique\/wp-json\/wp\/v2\/pages"}],"about":[{"href":"https:\/\/www.histoiresdecheznous.ca\/v2\/tragic-sinking-ss-caribou_naufrage-tragique\/wp-json\/wp\/v2\/types\/page"}],"author":[{"embeddable":true,"href":"https:\/\/www.histoiresdecheznous.ca\/v2\/tragic-sinking-ss-caribou_naufrage-tragique\/wp-json\/wp\/v2\/users\/78"}],"replies":[{"embeddable":true,"href":"https:\/\/www.histoiresdecheznous.ca\/v2\/tragic-sinking-ss-caribou_naufrage-tragique\/wp-json\/wp\/v2\/comments?post=4"}],"version-history":[{"count":5,"href":"https:\/\/www.histoiresdecheznous.ca\/v2\/tragic-sinking-ss-caribou_naufrage-tragique\/wp-json\/wp\/v2\/pages\/4\/revisions"}],"predecessor-version":[{"id":460,"href":"https:\/\/www.histoiresdecheznous.ca\/v2\/tragic-sinking-ss-caribou_naufrage-tragique\/wp-json\/wp\/v2\/pages\/4\/revisions\/460"}],"wp:featuredmedia":[{"embeddable":true,"href":"https:\/\/www.histoiresdecheznous.ca\/v2\/tragic-sinking-ss-caribou_naufrage-tragique\/wp-json\/wp\/v2\/media\/86"}],"wp:attachment":[{"href":"https:\/\/www.histoiresdecheznous.ca\/v2\/tragic-sinking-ss-caribou_naufrage-tragique\/wp-json\/wp\/v2\/media?parent=4"}],"curies":[{"name":"wp","href":"https:\/\/api.w.org\/{rel}","templated":true}]}}